{"id":1133,"date":"2025-04-10T10:16:43","date_gmt":"2025-04-10T08:16:43","guid":{"rendered":"https:\/\/fassadenreinigung-systeme.de\/?page_id=1133"},"modified":"2025-12-03T11:28:48","modified_gmt":"2025-12-03T10:28:48","slug":"impressum","status":"publish","type":"page","link":"https:\/\/fassadenreinigung-systeme.de\/en\/impressum\/","title":{"rendered":"Imprint"},"content":{"rendered":"<h4 class=\"wp-block-heading\">Diensteanbieter<\/h4>\n\n\n\n<p><strong>Fassadenreinigung-Systeme <br><\/strong>ein Angebot von A3-Innoteg GmbH<br>Dernbacher Stra\u00dfe 14<br>56316 Niederhofen<br>Deutschland<\/p>\n\n\n\n<p><strong>Gesch\u00e4ftsf\u00fchrer der A3-Innoteg GmbH:<br><\/strong>Dipl. Ing. (FH) Sascha Schmidt<br>Thorsten Hecken<\/p>\n\n\n\n<p><strong>Inhaltlich Verantwortlicher gem. \u00a7 55 II RStV:<br><\/strong>Dipl. Ing. (FH) Sascha Schmidt<br>Thorsten Hecken&nbsp;<\/p>\n\n\n\n<h4 class=\"wp-block-heading\">Kontaktm\u00f6glichkeiten<\/h4>\n\n\n\n<p><strong>Telefon<\/strong>: 02684 \/ 94 81 420 oder -419<br><strong>E-Mail:<\/strong>\u00a0<a href=\"mailto:info@fassadenreinigung-systeme.de\">info@fassadenreinigung-systeme.de<\/a><\/p>\n\n\n\n<h4 class=\"wp-block-heading\">Angaben zum Unternehmen<\/h4>\n\n\n\n<p>Umsatzsteuer Identifikationsnummer&nbsp;gem. \u00a7 27a UStG&nbsp;(USt-ID): DE 309051609<\/p>\n\n\n\n<h4 class=\"wp-block-heading\">Register und Registernummer<\/h4>\n\n\n\n<p>Gef\u00fchrt bei: Amtsgericht Neuwied<br>Registernummer: 25269<\/p>\n\n\n\n<h4 class=\"wp-block-heading\">Streitschlichtung und Verbraucherstreitbeilegung<\/h4>\n\n\n\n<p>Die Europ\u00e4ische Kommission stellt eine Plattform zur Online-Streitbeilegung (OS) bereit, die Sie unter&nbsp;<a href=\"https:\/\/ec.europa.eu\/consumers\/odr\/\" target=\"_blank\" rel=\"noreferrer noopener\">https:\/\/ec.europa.eu\/consumers\/odr\/<\/a>&nbsp;finden. Verbraucher haben die M\u00f6glichkeit, diese Plattform f\u00fcr die Beilegung ihrer Streitigkeiten zu nutzen.<\/p>\n\n\n\n<p>Wir sind nicht bereit und nicht verpflichtet an einem Streitbeilegungsverfahren vor einer Verbraucherstreitschlichtungsstelle teilzunehmen.<\/p>\n\n\n\n<p>Trotzdem sind wir bem\u00fcht, bei Meinungsverschiedenheiten mit unseren Kunden eine einvernehmliche L\u00f6sung zu finden. Sollten Sie daher mit einem unserer Angebote nicht zufrieden sein, k\u00f6nnen Sie uns gerne unter&nbsp;<a href=\"mailto:info@fassadenreinigung-systeme.de\">info@fassadenreinigung-systeme.de<\/a>&nbsp;kontaktieren.<\/p>\n\n\n\n<h4 class=\"wp-block-heading\">Social Media und andere Onlinepr\u00e4senzen<\/h4>\n\n\n\n<p>Dieses Impressum gilt auch f\u00fcr die folgenden Social-Media-Pr\u00e4senzen und Onlineprofile:<\/p>\n\n\n\n<p>Facebook:<a href=\"https:\/\/www.facebook.com\/people\/A3-Innoteg-gmbH-Innovative-Oberfl%C3%A4chen-Technologie\/100063704881715\/#\" target=\"_blank\" rel=\"noreferrer noopener\">&nbsp;https:\/\/www.facebook.com\/people\/A3-Innoteg-gmbH-Innovative-Oberfl%C3%A4chen-Technologie\/100063704881715\/#<\/a><br>Instagram:&nbsp;<a href=\"https:\/\/www.instagram.com\/a3innoteg\/?igshid=5cie5ot1u0i9\" target=\"_blank\" rel=\"noreferrer noopener\">https:\/\/www.instagram.com\/a3innoteg\/?igshid=5cie5ot1u0i9<\/a><br>YouTube:&nbsp;<a href=\"https:\/\/www.youtube.com\/@a3innoteg876\" target=\"_blank\" rel=\"noreferrer noopener\">https:\/\/www.youtube.com\/@a3innoteg876<\/a><\/p>\n\n\n\n<h4 class=\"wp-block-heading\">Haftungs- und Schutzrechtshinweise<\/h4>\n\n\n\n<p>Haftungsausschluss: Die Inhalte dieses Onlineangebotes wurden sorgf\u00e4ltig und nach unserem aktuellen Kenntnisstand erstellt, dienen jedoch nur der Information und entfalten keine rechtlich bindende Wirkung, sofern es sich nicht um gesetzlich verpflichtende Informationen (z.&nbsp;B. das Impressum, die Datenschutzerkl\u00e4rung, AGB oder verpflichtende Belehrungen von Verbrauchern) handelt. Wir behalten uns vor, die Inhalte vollst\u00e4ndig oder teilweise zu \u00e4ndern oder zu l\u00f6schen, soweit vertragliche Verpflichtungen unber\u00fchrt bleiben. Alle Angebote sind freibleibend und unverbindlich.<\/p>\n\n\n\n<p>Links auf fremde Webseiten: Die Inhalte fremder Webseiten, auf die wir direkt oder indirekt verweisen, liegen au\u00dferhalb unseres Verantwortungsbereiches und wir machen sie uns nicht zu Eigen. F\u00fcr alle Inhalte und Nachteile, die aus der Nutzung der in den verlinkten Webseiten aufrufbaren Informationen entstehen, \u00fcbernehmen wir keine Verantwortung.<\/p>\n\n\n\n<p>Urheberrechte und Markenrechte: Alle auf dieser Website dargestellten Inhalte, wie Texte, Fotografien, Grafiken, Marken und Warenzeichen sind durch die jeweiligen Schutzrechte (Urheberrechte, Markenrechte) gesch\u00fctzt. Die Verwendung, Vervielf\u00e4ltigung usw. unterliegen unseren Rechten oder den Rechten der jeweiligen Urheber bzw. Rechteinhaber.<\/p>\n\n\n\n<p>Hinweise auf Rechtsverst\u00f6\u00dfe: Sollten Sie innerhalb unseres Internetauftritts Rechtsverst\u00f6\u00dfe bemerken, bitten wir Sie uns auf diese hinzuweisen. Wir werden rechtswidrige Inhalte und Links nach Kenntnisnahme unverz\u00fcglich entfernen.<\/p>","protected":false},"excerpt":{"rendered":"<p>Diensteanbieter Fassadenreinigung-Systeme ein Angebot von A3-Innoteg GmbHDernbacher Stra\u00dfe 1456316 NiederhofenDeutschland Gesch\u00e4ftsf\u00fchrer der A3-Innoteg GmbH:Dipl. Ing. (FH) Sascha SchmidtThorsten Hecken Inhaltlich Verantwortlicher gem. \u00a7 55 II RStV:Dipl. Ing. (FH) Sascha SchmidtThorsten Hecken&nbsp; Kontaktm\u00f6glichkeiten Telefon: 02684 \/&hellip;<\/p>","protected":false},"author":1,"featured_media":0,"parent":0,"menu_order":0,"comment_status":"closed","ping_status":"closed","template":"","meta":{"footnotes":""},"class_list":["post-1133","page","type-page","status-publish","hentry"],"_links":{"self":[{"href":"https:\/\/fassadenreinigung-systeme.de\/en\/wp-json\/wp\/v2\/pages\/1133","targetHints":{"allow":["GET"]}}],"collection":[{"href":"https:\/\/fassadenreinigung-systeme.de\/en\/wp-json\/wp\/v2\/pages"}],"about":[{"href":"https:\/\/fassadenreinigung-systeme.de\/en\/wp-json\/wp\/v2\/types\/page"}],"author":[{"embeddable":true,"href":"https:\/\/fassadenreinigung-systeme.de\/en\/wp-json\/wp\/v2\/users\/1"}],"replies":[{"embeddable":true,"href":"https:\/\/fassadenreinigung-systeme.de\/en\/wp-json\/wp\/v2\/comments?post=1133"}],"version-history":[{"count":3,"href":"https:\/\/fassadenreinigung-systeme.de\/en\/wp-json\/wp\/v2\/pages\/1133\/revisions"}],"predecessor-version":[{"id":2047,"href":"https:\/\/fassadenreinigung-systeme.de\/en\/wp-json\/wp\/v2\/pages\/1133\/revisions\/2047"}],"wp:attachment":[{"href":"https:\/\/fassadenreinigung-systeme.de\/en\/wp-json\/wp\/v2\/media?parent=1133"}],"curies":[{"name":"wp","href":"https:\/\/api.w.org\/{rel}","templated":true}]}}