{"id":1490,"date":"2025-05-16T08:17:18","date_gmt":"2025-05-16T06:17:18","guid":{"rendered":"https:\/\/fassadenreinigung-systeme.de\/?page_id=1490"},"modified":"2025-05-16T11:18:32","modified_gmt":"2025-05-16T09:18:32","slug":"versandkosten-zahlungsarten","status":"publish","type":"page","link":"https:\/\/fassadenreinigung-systeme.de\/en\/versandkosten-zahlungsarten\/","title":{"rendered":"Versandkosten &amp; Zahlungsarten"},"content":{"rendered":"<h3 class=\"wp-block-heading\">Versandkosten &amp; Zahlungsarten<\/h3>\n\n\n\n<p>Wir liefern zuverl\u00e4ssig mit <strong>UPS<\/strong> or <strong>GLS<\/strong> \u2013 je nach Gr\u00f6\u00dfe und Art der bestellten Produkte.<\/p>\n\n\n<div class=\"wp-block-image\">\n<figure class=\"alignleft size-large is-resized\"><img fetchpriority=\"high\" decoding=\"async\" width=\"1024\" height=\"576\" src=\"https:\/\/fassadenreinigung-systeme.de\/wp-content\/uploads\/2025\/05\/image-1024x576.png\" alt=\"\" class=\"wp-image-1491\" style=\"width:186px;height:auto\" srcset=\"https:\/\/fassadenreinigung-systeme.de\/wp-content\/uploads\/2025\/05\/image-1024x576.png 1024w, https:\/\/fassadenreinigung-systeme.de\/wp-content\/uploads\/2025\/05\/image-scaled-600x338.png 600w, https:\/\/fassadenreinigung-systeme.de\/wp-content\/uploads\/2025\/05\/image-300x169.png 300w, https:\/\/fassadenreinigung-systeme.de\/wp-content\/uploads\/2025\/05\/image-768x432.png 768w, https:\/\/fassadenreinigung-systeme.de\/wp-content\/uploads\/2025\/05\/image-1536x864.png 1536w, https:\/\/fassadenreinigung-systeme.de\/wp-content\/uploads\/2025\/05\/image-2048x1152.png 2048w\" sizes=\"(max-width: 1024px) 100vw, 1024px\" \/><\/figure>\n<\/div>\n\n\n<figure class=\"wp-block-gallery has-nested-images columns-default is-cropped wp-block-gallery-1 is-layout-flex wp-block-gallery-is-layout-flex\">\n<figure class=\"wp-block-image size-large is-resized\"><img decoding=\"async\" width=\"1024\" height=\"359\" data-id=\"1492\" src=\"https:\/\/fassadenreinigung-systeme.de\/wp-content\/uploads\/2025\/05\/image-1-1024x359.png\" alt=\"\" class=\"wp-image-1492\" style=\"width:298px;height:auto\" srcset=\"https:\/\/fassadenreinigung-systeme.de\/wp-content\/uploads\/2025\/05\/image-1-1024x359.png 1024w, https:\/\/fassadenreinigung-systeme.de\/wp-content\/uploads\/2025\/05\/image-1-600x211.png 600w, https:\/\/fassadenreinigung-systeme.de\/wp-content\/uploads\/2025\/05\/image-1-300x105.png 300w, https:\/\/fassadenreinigung-systeme.de\/wp-content\/uploads\/2025\/05\/image-1-768x269.png 768w, https:\/\/fassadenreinigung-systeme.de\/wp-content\/uploads\/2025\/05\/image-1.png 1502w\" sizes=\"(max-width: 1024px) 100vw, 1024px\" \/><\/figure>\n<\/figure>\n\n\n\n<p><\/p>\n\n\n\n<div style=\"height:74px\" aria-hidden=\"true\" class=\"wp-block-spacer\"><\/div>\n\n\n\n<h4 class=\"wp-block-heading has-text-align-left\">Shipping costs<strong>:<\/strong><\/h4>\n\n\n\n<p>Die Versandkosten variieren je nach Artikelgr\u00f6\u00dfe und -art:<\/p>\n\n\n\n<ul class=\"wp-block-list\">\n<li><strong>Kleinteile<\/strong>: 14,99\u202f\u20ac<\/li>\n\n\n\n<li><strong>Gro\u00dfteile und sperrige Artikel<\/strong>: 99,00\u202f\u20ac<\/li>\n\n\n\n<li><strong>Chemische Produkte (z.\u202fB. Reinigungsmittel)<\/strong>: 49,99\u202f\u20ac<\/li>\n<\/ul>\n\n\n\n<p>Die konkreten Versandkosten werden Ihnen im Bestellprozess angezeigt.<\/p>\n\n\n\n<div style=\"height:61px\" aria-hidden=\"true\" class=\"wp-block-spacer\"><\/div>\n\n\n\n<h4 class=\"wp-block-heading\">Lieferzeit:<\/h4>\n\n\n\n<p>Je nach Verf\u00fcgbarkeit betr\u00e4gt die Lieferzeit ca. zwischen 3-7 Werktagen.<\/p>\n\n\n\n<div style=\"height:59px\" aria-hidden=\"true\" class=\"wp-block-spacer\"><\/div>\n\n\n\n<h4 class=\"wp-block-heading\">Zahlungsarten:<\/h4>\n\n\n\n<p>Aktuell bieten wir ausschlie\u00dflich <strong>Vorkasse per Bank\u00fcberweisung<\/strong> an.<br>Nach Ihrer Bestellung erhalten Sie unsere Bankverbindung sowie eine Bestellbest\u00e4tigung per E-Mail. Sobald der Zahlungseingang verbucht ist, wird Ihre Bestellung umgehend bearbeitet und versendet.<\/p>","protected":false},"excerpt":{"rendered":"<p>Versandkosten &amp; Zahlungsarten Wir liefern zuverl\u00e4ssig mit UPS oder GLS \u2013 je nach Gr\u00f6\u00dfe und Art der bestellten Produkte. Versandkosten: Die Versandkosten variieren je nach Artikelgr\u00f6\u00dfe und -art: Die konkreten Versandkosten werden Ihnen im Bestellprozess&hellip;<\/p>","protected":false},"author":1,"featured_media":0,"parent":0,"menu_order":0,"comment_status":"closed","ping_status":"closed","template":"","meta":{"footnotes":""},"class_list":["post-1490","page","type-page","status-publish","hentry"],"_links":{"self":[{"href":"https:\/\/fassadenreinigung-systeme.de\/en\/wp-json\/wp\/v2\/pages\/1490","targetHints":{"allow":["GET"]}}],"collection":[{"href":"https:\/\/fassadenreinigung-systeme.de\/en\/wp-json\/wp\/v2\/pages"}],"about":[{"href":"https:\/\/fassadenreinigung-systeme.de\/en\/wp-json\/wp\/v2\/types\/page"}],"author":[{"embeddable":true,"href":"https:\/\/fassadenreinigung-systeme.de\/en\/wp-json\/wp\/v2\/users\/1"}],"replies":[{"embeddable":true,"href":"https:\/\/fassadenreinigung-systeme.de\/en\/wp-json\/wp\/v2\/comments?post=1490"}],"version-history":[{"count":8,"href":"https:\/\/fassadenreinigung-systeme.de\/en\/wp-json\/wp\/v2\/pages\/1490\/revisions"}],"predecessor-version":[{"id":1533,"href":"https:\/\/fassadenreinigung-systeme.de\/en\/wp-json\/wp\/v2\/pages\/1490\/revisions\/1533"}],"wp:attachment":[{"href":"https:\/\/fassadenreinigung-systeme.de\/en\/wp-json\/wp\/v2\/media?parent=1490"}],"curies":[{"name":"wp","href":"https:\/\/api.w.org\/{rel}","templated":true}]}}