{"id":2211,"date":"2026-01-30T10:56:23","date_gmt":"2026-01-30T09:56:23","guid":{"rendered":"https:\/\/fassadenreinigung-systeme.de\/?post_type=product&#038;p=2211"},"modified":"2026-02-09T09:16:14","modified_gmt":"2026-02-09T08:16:14","slug":"temporaerer-graffitischutz-joschu-pp-500","status":"publish","type":"product","link":"https:\/\/fassadenreinigung-systeme.de\/en\/temporaerer-graffitischutz-joschu-pp-500\/","title":{"rendered":"Tempor\u00e4rer Graffitischutz &#8211; JOSCHU PP 500"},"content":{"rendered":"<h2 data-start=\"178\" data-end=\"266\">JOSCHU PP 500 \u2013 Tempor\u00e4rer Graffitischutz<\/h2>\n<h2 data-start=\"160\" data-end=\"253\">W\u00e4ssriger Opferschutz auf Mikrowachs-Basis \u2013 Antigraffiti-Schutz f\u00fcr mineralische Fassaden<\/h2>\n<p data-start=\"255\" data-end=\"643\">Dieser <strong data-start=\"262\" data-end=\"316\">w\u00e4ssrige Opferschutz mit hochwertigen Mikrowachsen<\/strong> ist eine bew\u00e4hrte L\u00f6sung f\u00fcr den tempor\u00e4ren <strong data-start=\"361\" data-end=\"384\">Antigraffiti-Schutz<\/strong> auf mineralischen und gestrichenen Untergr\u00fcnden. Die transparente Schutzschicht verhindert das tiefe Eindringen von Graffitifarben in die Oberfl\u00e4che und erm\u00f6glicht eine besonders einfache Entfernung mit <strong data-start=\"588\" data-end=\"612\">Hei\u00dfwasser-Hochdruck<\/strong> \u2013 ganz ohne aggressive Chemie.<\/p>\n<p data-start=\"645\" data-end=\"733\">Ideal f\u00fcr sensible Fassaden, historische Bausubstanz und diffusionsoffene Wandaufbauten.<\/p>\n<h3 data-start=\"740\" data-end=\"781\"><\/h3>\n<h3 data-start=\"740\" data-end=\"781\">Effektiver Opferschutz gegen Graffiti<\/h3>\n<p data-start=\"783\" data-end=\"1039\">Der Schutzfilm wirkt als <strong data-start=\"808\" data-end=\"824\">Opferschicht<\/strong>: Beim Entfernen der Graffiti wird die Wachsschicht mit abgereinigt und bei Bedarf einfach neu aufgetragen. Dadurch bleibt der Untergrund dauerhaft gesch\u00fctzt, ohne seine bauphysikalischen Eigenschaften zu verlieren.<\/p>\n<p data-start=\"1041\" data-end=\"1075\"><strong data-start=\"1041\" data-end=\"1075\">Ihre Vorteile auf einen Blick:<\/strong><\/p>\n<p data-start=\"1077\" data-end=\"1365\">\u2714 sehr gute Antigraffitieigenschaft<br data-start=\"1112\" data-end=\"1115\" \/>\u2714 Graffitientfernung nur mit Hei\u00dfwasser-Hochdruck<br data-start=\"1164\" data-end=\"1167\" \/>\u2714 transparente Auftrocknung<br data-start=\"1194\" data-end=\"1197\" \/>\u2714 Optik je nach Untergrund matt bis leicht gl\u00e4nzend<br data-start=\"1248\" data-end=\"1251\" \/>\u2714 dampfdiffusionsoffen \u2013 ideal f\u00fcr mineralische Fassaden<br data-start=\"1307\" data-end=\"1310\" \/>\u2714 streich- und spritzbar<br data-start=\"1334\" data-end=\"1337\" \/>\u2714 leicht biologisch abbaubar<\/p>\n<h3 data-start=\"1372\" data-end=\"1423\"><\/h3>\n<h3 data-start=\"1372\" data-end=\"1423\">Besonders geeignet f\u00fcr mineralische Untergr\u00fcnde<\/h3>\n<p data-start=\"1425\" data-end=\"1504\">Dank seiner diffusionsoffenen Eigenschaften ist dieser Opferschutz optimal f\u00fcr:<\/p>\n<ul data-start=\"1506\" data-end=\"1643\">\n<li data-start=\"1506\" data-end=\"1530\">\n<p data-start=\"1508\" data-end=\"1530\">gestrichene Fassaden<\/p>\n<\/li>\n<li data-start=\"1531\" data-end=\"1556\">\n<p data-start=\"1533\" data-end=\"1556\">verputzte Untergr\u00fcnde<\/p>\n<\/li>\n<li data-start=\"1557\" data-end=\"1573\">\n<p data-start=\"1559\" data-end=\"1573\">Betonfl\u00e4chen<\/p>\n<\/li>\n<li data-start=\"1574\" data-end=\"1585\">\n<p data-start=\"1576\" data-end=\"1585\">Klinker<\/p>\n<\/li>\n<li data-start=\"1586\" data-end=\"1599\">\n<p data-start=\"1588\" data-end=\"1599\">Sandstein<\/p>\n<\/li>\n<li data-start=\"1600\" data-end=\"1643\">\n<p data-start=\"1602\" data-end=\"1643\">weitere saugende mineralische Baustoffe<\/p>\n<\/li>\n<\/ul>\n<p data-start=\"1645\" data-end=\"1786\">Damit eignet sich das Produkt hervorragend f\u00fcr Wohngeb\u00e4ude, \u00f6ffentliche Geb\u00e4ude, Denkmalschutzobjekte und stark graffiti\u00adgef\u00e4hrdete Bereiche.<\/p>\n<h3 data-start=\"1793\" data-end=\"1831\"><\/h3>\n<h3 data-start=\"1793\" data-end=\"1831\">Einfache Entfernung mit Hei\u00dfwasser<\/h3>\n<p data-start=\"1833\" data-end=\"2063\">Graffiti werden schonend und effizient mit <strong data-start=\"1876\" data-end=\"1900\">Hei\u00dfwasser-Hochdruck<\/strong> entfernt. Durch den definierten <strong data-start=\"1933\" data-end=\"1963\">Schmelzpunkt von ca. 75 \u00b0C<\/strong> l\u00f6st sich die Mikrowachsschicht zusammen mit der Farbschmiererei \u2013 ohne den Untergrund anzugreifen.<\/p>\n<p data-start=\"2065\" data-end=\"2138\">Anschlie\u00dfend kann die Schutzschicht unkompliziert neu aufgetragen werden.<\/p>\n<h3 data-start=\"2145\" data-end=\"2174\"><\/h3>\n<h3 data-start=\"2145\" data-end=\"2174\">Technische Besonderheiten<\/h3>\n<ul data-start=\"2176\" data-end=\"2295\">\n<li data-start=\"2176\" data-end=\"2197\">\n<p data-start=\"2178\" data-end=\"2197\"><strong data-start=\"2178\" data-end=\"2195\">Bast-gelistet<\/strong><\/p>\n<\/li>\n<li data-start=\"2198\" data-end=\"2229\">\n<p data-start=\"2200\" data-end=\"2229\"><strong data-start=\"2200\" data-end=\"2217\">Schmelzpunkt:<\/strong> ca. 75 \u00b0C<\/p>\n<\/li>\n<li data-start=\"2230\" data-end=\"2262\">\n<p data-start=\"2232\" data-end=\"2262\"><strong data-start=\"2232\" data-end=\"2252\">Feststoffgehalt:<\/strong> 11,90 %<\/p>\n<\/li>\n<li data-start=\"2263\" data-end=\"2295\">\n<p data-start=\"2265\" data-end=\"2295\"><strong data-start=\"2265\" data-end=\"2295\">Leicht biologisch abbaubar<\/strong><\/p>\n<\/li>\n<\/ul>\n<p data-start=\"2297\" data-end=\"2414\">Diese Eigenschaften machen das Produkt besonders interessant f\u00fcr umweltbewusste Anwendungen und sensible Einsatzorte.<\/p>\n<h3 data-start=\"2421\" data-end=\"2450\"><\/h3>\n<h3 data-start=\"2421\" data-end=\"2450\">Verbrauch &amp; Gebindegr\u00f6\u00dfen<\/h3>\n<p data-start=\"2452\" data-end=\"2544\"><strong data-start=\"2452\" data-end=\"2466\">Verbrauch:<\/strong><br data-start=\"2466\" data-end=\"2469\" \/>Ca. <strong data-start=\"2473\" data-end=\"2492\">0,2 \u2013 0,25 L\/m\u00b2<\/strong> je nach Saugf\u00e4higkeit und Struktur des Untergrundes<\/p>\n<h3 data-start=\"2594\" data-end=\"2654\"><\/h3>\n<h3 data-start=\"2594\" data-end=\"2654\">Tempor\u00e4rer Graffitischutz f\u00fcr nachhaltige Fassadenpflege<\/h3>\n<p data-start=\"2656\" data-end=\"2895\">Dieser mikrowachsbasierte Opferschutz ist die ideale Wahl, wenn eine <strong data-start=\"2725\" data-end=\"2806\">diffusionsoffene, umweltfreundliche und materialschonende Antigraffiti-L\u00f6sung<\/strong> gefragt ist. Perfekt f\u00fcr professionelle Fassadenreiniger, Kommunen und Geb\u00e4udebetreiber.<\/p>","protected":false},"excerpt":{"rendered":"<h2>Tempor\u00e4rer Graffitischutz<\/h2>\n<p>W\u00e4ssriger Opferschutz auf Mikrowachs-Basis f\u00fcr tempor\u00e4ren <strong data-start=\"90\" data-end=\"108\">Graffitischutz<\/strong> auf mineralischen und gestrichenen Fassaden. Diffusionsoffen, transparent auftrocknend und einfach mit Hei\u00dfwasser-Hochdruck zu entfernen \u2013 ideal f\u00fcr Beton, Klinker, Putz und Naturstein.<\/p>\n<p>&nbsp;<\/p>\n<h3 data-start=\"178\" data-end=\"266\">JOSCHU PP 500<\/h3>\n<p>\u2714 sehr gute Antigraffitieigenschaft<br data-start=\"1112\" data-end=\"1115\" \/>\u2714 Graffitientfernung nur mit Hei\u00dfwasser-Hochdruck<br data-start=\"1164\" data-end=\"1167\" \/>\u2714 transparente Auftrocknung<br data-start=\"1194\" data-end=\"1197\" \/>\u2714 Optik je nach Untergrund matt bis leicht gl\u00e4nzend<br data-start=\"1248\" data-end=\"1251\" \/>\u2714 dampfdiffusionsoffen \u2013 ideal f\u00fcr mineralische Fassaden<br data-start=\"1307\" data-end=\"1310\" \/>\u2714 streich- und spritzbar<br data-start=\"1334\" data-end=\"1337\" \/>\u2714 leicht biologisch abbaubar<\/p>\n<p>&nbsp;<\/p>\n<p><strong data-start=\"2943\" data-end=\"2955\">Gebinde:<\/strong> 10 Liter<\/p>","protected":false},"featured_media":2326,"template":"","meta":[],"product_brand":[],"product_cat":[102,34],"product_tag":[],"class_list":{"0":"post-2211","1":"product","2":"type-product","3":"status-publish","4":"has-post-thumbnail","6":"product_cat-graffitientfernung","7":"product_cat-chemie","9":"first","10":"instock","11":"taxable","12":"shipping-taxable","13":"purchasable","14":"product-type-simple"},"_links":{"self":[{"href":"https:\/\/fassadenreinigung-systeme.de\/en\/wp-json\/wp\/v2\/product\/2211","targetHints":{"allow":["GET"]}}],"collection":[{"href":"https:\/\/fassadenreinigung-systeme.de\/en\/wp-json\/wp\/v2\/product"}],"about":[{"href":"https:\/\/fassadenreinigung-systeme.de\/en\/wp-json\/wp\/v2\/types\/product"}],"version-history":[{"count":2,"href":"https:\/\/fassadenreinigung-systeme.de\/en\/wp-json\/wp\/v2\/product\/2211\/revisions"}],"predecessor-version":[{"id":2214,"href":"https:\/\/fassadenreinigung-systeme.de\/en\/wp-json\/wp\/v2\/product\/2211\/revisions\/2214"}],"wp:featuredmedia":[{"embeddable":true,"href":"https:\/\/fassadenreinigung-systeme.de\/en\/wp-json\/wp\/v2\/media\/2326"}],"wp:attachment":[{"href":"https:\/\/fassadenreinigung-systeme.de\/en\/wp-json\/wp\/v2\/media?parent=2211"}],"wp:term":[{"taxonomy":"product_brand","embeddable":true,"href":"https:\/\/fassadenreinigung-systeme.de\/en\/wp-json\/wp\/v2\/product_brand?post=2211"},{"taxonomy":"product_cat","embeddable":true,"href":"https:\/\/fassadenreinigung-systeme.de\/en\/wp-json\/wp\/v2\/product_cat?post=2211"},{"taxonomy":"product_tag","embeddable":true,"href":"https:\/\/fassadenreinigung-systeme.de\/en\/wp-json\/wp\/v2\/product_tag?post=2211"}],"curies":[{"name":"wp","href":"https:\/\/api.w.org\/{rel}","templated":true}]}}