{"id":2234,"date":"2026-02-02T09:32:10","date_gmt":"2026-02-02T08:32:10","guid":{"rendered":"https:\/\/fassadenreinigung-systeme.de\/?post_type=product&#038;p=2234"},"modified":"2026-02-06T13:04:37","modified_gmt":"2026-02-06T12:04:37","slug":"graffitientferner-joschu-pica-easy-off","status":"publish","type":"product","link":"https:\/\/fassadenreinigung-systeme.de\/en\/graffitientferner-joschu-pica-easy-off\/","title":{"rendered":"Graffitientferner &#8211; JOSCHU PICA Easy Off"},"content":{"rendered":"<h2 data-start=\"4192\" data-end=\"4297\"><strong data-start=\"4194\" data-end=\"4297\">PICA Easy Off \u2013 Umweltfreundlicher Graffitientferner f\u00fcr Filzschreiber und empfindliche Oberfl\u00e4chen<\/strong><\/h2>\n<p data-start=\"4299\" data-end=\"4599\"><strong data-start=\"4299\" data-end=\"4316\">PICA Easy Off<\/strong> ist ein fl\u00fcssiger, schnell wirkender und praxisbew\u00e4hrter <strong data-start=\"4374\" data-end=\"4413\">Graffitientferner f\u00fcr Filzschreiber<\/strong>, der speziell f\u00fcr empfindliche und nicht saugende Oberfl\u00e4chen entwickelt wurde. Das Produkt \u00fcberzeugt durch seine hohe Reinigungsleistung bei gleichzeitig guter Materialvertr\u00e4glichkeit.<\/p>\n<p data-start=\"4601\" data-end=\"4778\">Dank seiner <strong data-start=\"4613\" data-end=\"4674\">umweltfreundlichen und biologisch abbaubaren Formulierung<\/strong> eignet sich PICA Easy Off besonders f\u00fcr Eins\u00e4tze in sensiblen Bereichen und im Innen- wie Au\u00dfenbereich.<\/p>\n<h3 data-start=\"4785\" data-end=\"4854\">Spezialreiniger f\u00fcr Filzschreiber, Klebereste und leichte Graffiti<\/h3>\n<p data-start=\"4856\" data-end=\"5043\">Filzschreiber, Marker und Etikettenreste stellen auf glatten Oberfl\u00e4chen ein h\u00e4ufiges Problem dar. PICA Easy Off wurde genau f\u00fcr diese Verschmutzungen konzipiert und entfernt zuverl\u00e4ssig:<\/p>\n<ul data-start=\"5045\" data-end=\"5110\">\n<li data-start=\"5045\" data-end=\"5062\">\n<p data-start=\"5047\" data-end=\"5062\">Filzschreiber<\/p>\n<\/li>\n<li data-start=\"5063\" data-end=\"5073\">\n<p data-start=\"5065\" data-end=\"5073\">Marker<\/p>\n<\/li>\n<li data-start=\"5074\" data-end=\"5088\">\n<p data-start=\"5076\" data-end=\"5088\">Klebereste<\/p>\n<\/li>\n<li data-start=\"5089\" data-end=\"5110\">\n<p data-start=\"5091\" data-end=\"5110\">leichte Spr\u00fchfarben<\/p>\n<\/li>\n<\/ul>\n<p data-start=\"5112\" data-end=\"5233\">Durch seine fl\u00fcssige Einstellung dringt das Produkt gut in die Farbschicht ein und l\u00f6st diese schnell von der Oberfl\u00e4che.<\/p>\n<h3 data-start=\"5240\" data-end=\"5279\">Materialschonend auf glatten Fl\u00e4chen<\/h3>\n<p data-start=\"5281\" data-end=\"5397\">PICA Easy Off ist ideal f\u00fcr <strong data-start=\"5309\" data-end=\"5339\">nicht saugende Untergr\u00fcnde<\/strong>, bei denen aggressive Reiniger zu Sch\u00e4den f\u00fchren k\u00f6nnten.<\/p>\n<p data-start=\"5399\" data-end=\"5425\"><strong data-start=\"5399\" data-end=\"5425\">Geeignete Oberfl\u00e4chen:<\/strong><\/p>\n<ul data-start=\"5427\" data-end=\"5548\">\n<li data-start=\"5427\" data-end=\"5448\">\n<p data-start=\"5429\" data-end=\"5448\">lackierte Fl\u00e4chen<\/p>\n<\/li>\n<li data-start=\"5449\" data-end=\"5459\">\n<p data-start=\"5451\" data-end=\"5459\">Metall<\/p>\n<\/li>\n<li data-start=\"5460\" data-end=\"5468\">\n<p data-start=\"5462\" data-end=\"5468\">Glas<\/p>\n<\/li>\n<li data-start=\"5469\" data-end=\"5483\">\n<p data-start=\"5471\" data-end=\"5483\">Plastic<\/p>\n<\/li>\n<li data-start=\"5484\" data-end=\"5548\">\n<p data-start=\"5486\" data-end=\"5548\">PU-beschichtete Oberfl\u00e4chen (z. B. permanenter Graffitischutz)<\/p>\n<\/li>\n<\/ul>\n<p data-start=\"5550\" data-end=\"5701\">Damit eignet sich das Produkt besonders f\u00fcr T\u00fcren, Fassadenelemente, Schilder, Aufz\u00fcge, Innenbereiche, Verkehrsmittel und viele weitere glatte Fl\u00e4chen.<\/p>\n<h3 data-start=\"5708\" data-end=\"5751\">Auch f\u00fcr gesch\u00fctzte Oberfl\u00e4chen geeignet<\/h3>\n<p data-start=\"5753\" data-end=\"5987\">In Kombination mit <strong data-start=\"5772\" data-end=\"5811\">PU-basierten Graffitischutzsystemen<\/strong> kann Easy Off Graffiti und Marker entfernen, ohne die Schutzschicht zu besch\u00e4digen. Dadurch bleibt die Schutzfunktion erhalten und die Fl\u00e4che kann wiederholt gereinigt werden.<\/p>\n<h3 data-start=\"5994\" data-end=\"6037\">Umweltfreundlich und biologisch abbaubar<\/h3>\n<p data-start=\"6039\" data-end=\"6251\">Neben seiner Reinigungsleistung punktet PICA Easy Off durch eine <strong data-start=\"6104\" data-end=\"6137\">biologisch abbaubare Rezeptur<\/strong>. Damit ist er eine gute Wahl f\u00fcr professionelle Anwender, die Wert auf umweltschonende Reinigungsverfahren legen.<\/p>\n<h3 data-start=\"6258\" data-end=\"6289\">Einfache Anwendung im Alltag<\/h3>\n<p data-start=\"6291\" data-end=\"6434\">Der Reiniger wird direkt auf die verschmutzte Fl\u00e4che aufgetragen, kurz einwirken gelassen und anschlie\u00dfend mit einem Tuch oder Wasser entfernt.<\/p>\n<p data-start=\"6436\" data-end=\"6519\"><strong data-start=\"6436\" data-end=\"6450\">Verbrauch:<\/strong><br data-start=\"6450\" data-end=\"6453\" \/>Ca. <strong data-start=\"6457\" data-end=\"6475\">0,1 \u2013 0,2 L\/m\u00b2<\/strong>, abh\u00e4ngig von Verschmutzung und Untergrund.<\/p>\n<p data-start=\"6521\" data-end=\"6550\"><strong data-start=\"6521\" data-end=\"6538\">Gebindegr\u00f6\u00dfe:<\/strong><br data-start=\"6538\" data-end=\"6541\" \/>0,5 Liter<\/p>\n<h3 data-start=\"6557\" data-end=\"6597\">Kompakte L\u00f6sung f\u00fcr schnelle Eins\u00e4tze<\/h3>\n<p data-start=\"6599\" data-end=\"6798\">Durch die handliche Gebindegr\u00f6\u00dfe eignet sich PICA Easy Off ideal f\u00fcr mobile Eins\u00e4tze, Hausmeisterdienste, Geb\u00e4udereiniger und Wartungsteams, die schnell auf kleinere Verschmutzungen reagieren m\u00fcssen.<\/p>\n<h3 data-start=\"6805\" data-end=\"6823\">Produktdetails<\/h3>\n<p data-start=\"6825\" data-end=\"7049\"><strong data-start=\"6825\" data-end=\"6837\">Produkt:<\/strong> PICA Easy Off<br data-start=\"6851\" data-end=\"6854\" \/><strong data-start=\"6854\" data-end=\"6862\">Typ:<\/strong> Fl\u00fcssiger Graffitientferner f\u00fcr Filzschreiber<br data-start=\"6908\" data-end=\"6911\" \/><strong data-start=\"6911\" data-end=\"6928\">Besonderheit:<\/strong> Umweltfreundlich, biologisch abbaubar<br data-start=\"6966\" data-end=\"6969\" \/><strong data-start=\"6969\" data-end=\"6986\">Geeignet f\u00fcr:<\/strong> Nicht saugende &amp; gesch\u00fctzte Oberfl\u00e4chen<br data-start=\"7026\" data-end=\"7029\" \/><strong data-start=\"7029\" data-end=\"7041\">Gebinde:<\/strong> 0,5 L<\/p>","protected":false},"excerpt":{"rendered":"<h2>Graffitientferner<\/h2>\n<h3 style=\"font-family: Lato, 'Helvetica Neue', helvetica, arial, sans-serif; color: #404040;\" data-start=\"890\" data-end=\"945\">Filzschreiber von Lack, Glas &amp; Metall entfernen<\/h3>\n<p data-start=\"275\" data-end=\"669\">Biologisch abbaubarer Graffitientferner f\u00fcr Filzschreiber, Marker und Klebereste. Schonend f\u00fcr Lack, Metall, Glas und PU-beschichtete Fl\u00e4chen.<\/p>\n<h3 data-start=\"178\" data-end=\"266\">JOSCHU PICA Easy off<\/h3>\n<p data-start=\"5399\" data-end=\"5425\"><strong data-start=\"5399\" data-end=\"5425\">Geeignete Oberfl\u00e4chen:<\/strong><\/p>\n<ul data-start=\"5427\" data-end=\"5548\">\n<li data-start=\"5427\" data-end=\"5448\">\n<p data-start=\"5429\" data-end=\"5448\">lackierte Fl\u00e4chen<\/p>\n<\/li>\n<li data-start=\"5449\" data-end=\"5459\">\n<p data-start=\"5451\" data-end=\"5459\">Metall<\/p>\n<\/li>\n<li data-start=\"5460\" data-end=\"5468\">\n<p data-start=\"5462\" data-end=\"5468\">Glas<\/p>\n<\/li>\n<li data-start=\"5469\" data-end=\"5483\">\n<p data-start=\"5471\" data-end=\"5483\">Plastic<\/p>\n<\/li>\n<li data-start=\"5484\" data-end=\"5548\">\n<p data-start=\"5486\" data-end=\"5548\">PU-beschichtete Oberfl\u00e4chen (z. B. permanenter Graffitischutz)<\/p>\n<\/li>\n<\/ul>\n<p>&nbsp;<\/p>\n<p><strong data-start=\"2943\" data-end=\"2955\">Gebinde:<\/strong> 0,5 Liter<\/p>\n<p data-start=\"1306\" data-end=\"1335\">","protected":false},"featured_media":2290,"template":"","meta":[],"product_brand":[],"product_cat":[102,34],"product_tag":[],"class_list":{"0":"post-2234","1":"product","2":"type-product","3":"status-publish","4":"has-post-thumbnail","6":"product_cat-graffitientfernung","7":"product_cat-chemie","8":"product_shipping_class-chemie","10":"first","11":"instock","12":"taxable","13":"shipping-taxable","14":"purchasable","15":"product-type-simple"},"_links":{"self":[{"href":"https:\/\/fassadenreinigung-systeme.de\/en\/wp-json\/wp\/v2\/product\/2234","targetHints":{"allow":["GET"]}}],"collection":[{"href":"https:\/\/fassadenreinigung-systeme.de\/en\/wp-json\/wp\/v2\/product"}],"about":[{"href":"https:\/\/fassadenreinigung-systeme.de\/en\/wp-json\/wp\/v2\/types\/product"}],"version-history":[{"count":3,"href":"https:\/\/fassadenreinigung-systeme.de\/en\/wp-json\/wp\/v2\/product\/2234\/revisions"}],"predecessor-version":[{"id":2289,"href":"https:\/\/fassadenreinigung-systeme.de\/en\/wp-json\/wp\/v2\/product\/2234\/revisions\/2289"}],"wp:featuredmedia":[{"embeddable":true,"href":"https:\/\/fassadenreinigung-systeme.de\/en\/wp-json\/wp\/v2\/media\/2290"}],"wp:attachment":[{"href":"https:\/\/fassadenreinigung-systeme.de\/en\/wp-json\/wp\/v2\/media?parent=2234"}],"wp:term":[{"taxonomy":"product_brand","embeddable":true,"href":"https:\/\/fassadenreinigung-systeme.de\/en\/wp-json\/wp\/v2\/product_brand?post=2234"},{"taxonomy":"product_cat","embeddable":true,"href":"https:\/\/fassadenreinigung-systeme.de\/en\/wp-json\/wp\/v2\/product_cat?post=2234"},{"taxonomy":"product_tag","embeddable":true,"href":"https:\/\/fassadenreinigung-systeme.de\/en\/wp-json\/wp\/v2\/product_tag?post=2234"}],"curies":[{"name":"wp","href":"https:\/\/api.w.org\/{rel}","templated":true}]}}